{"id":9,"date":"2025-03-07T15:31:09","date_gmt":"2025-03-07T20:31:09","guid":{"rendered":"https:\/\/ovoprod.pe\/?page_id=9"},"modified":"2025-04-08T16:30:24","modified_gmt":"2025-04-08T21:30:24","slug":"inicio","status":"publish","type":"page","link":"https:\/\/ovoprod.pe\/","title":{"rendered":"INICIO"},"content":{"rendered":"<p>[et_pb_section fb_built=\u00bb1&#8243; _builder_version=\u00bb4.27.4&#8243; _module_preset=\u00bbdefault\u00bb background_image=\u00bbhttps:\/\/ovoprod.pe\/wp-content\/uploads\/2025\/04\/LIR4ME4OKFFD7OTPHS7SDUXSDI2.jpg\u00bb min_height=\u00bb100px\u00bb min_height_tablet=\u00bb100px\u00bb min_height_phone=\u00bb100px\u00bb min_height_last_edited=\u00bbon|desktop\u00bb height=\u00bb697px\u00bb height_tablet=\u00bb697px\u00bb height_phone=\u00bb261px\u00bb height_last_edited=\u00bbon|desktop\u00bb max_height=\u00bb1000px\u00bb max_height_tablet=\u00bb1000px\u00bb max_height_phone=\u00bb1000px\u00bb max_height_last_edited=\u00bbon|desktop\u00bb custom_margin=\u00bb4px|0px|-2px|-2px|false|false\u00bb custom_padding=\u00bb28px|4px|20px|11px|false|false\u00bb hover_enabled=\u00bb0&#8243; global_colors_info=\u00bb{}\u00bb title_text=\u00bbLIR4ME4OKFFD7OTPHS7SDUXSDI2&#8243; sticky_enabled=\u00bb0&#8243;][et_pb_row _builder_version=\u00bb4.27.4&#8243; _module_preset=\u00bbdefault\u00bb global_colors_info=\u00bb{}\u00bb][et_pb_column type=\u00bb4_4&#8243; _builder_version=\u00bb4.27.4&#8243; _module_preset=\u00bbdefault\u00bb global_colors_info=\u00bb{}\u00bb][\/et_pb_column][\/et_pb_row][\/et_pb_section][et_pb_section fb_built=\u00bb1&#8243; _builder_version=\u00bb4.27.4&#8243; _module_preset=\u00bbdefault\u00bb global_colors_info=\u00bb{}\u00bb][et_pb_row _builder_version=\u00bb4.27.4&#8243; _module_preset=\u00bbdefault\u00bb global_colors_info=\u00bb{}\u00bb][et_pb_column type=\u00bb4_4&#8243; _builder_version=\u00bb4.27.4&#8243; _module_preset=\u00bbdefault\u00bb global_colors_info=\u00bb{}\u00bb][et_pb_text _builder_version=\u00bb4.27.4&#8243; _module_preset=\u00bbdefault\u00bb global_colors_info=\u00bb{}\u00bb]<\/p>\n<p>Importamos y distribuimos insumos y componentes innovadores para el sector alimentario y nutricional. Nuestros productos son desarrollados con tecnolog\u00edas de vanguardia, manteniendo altos est\u00e1ndares de calidad a nivel internacional. Adem\u00e1s, contamos con una eficiente y estructurada cadena log\u00edstica que garantiza una excelente atenci\u00f3n a nuestros clientes.<\/p>\n<p>[\/et_pb_text][\/et_pb_column][\/et_pb_row][\/et_pb_section]<\/p>\n","protected":false},"excerpt":{"rendered":"<p>Importamos y distribuimos insumos y componentes innovadores para el sector alimentario y nutricional. Nuestros productos son desarrollados con tecnolog\u00edas de vanguardia, manteniendo altos est\u00e1ndares de calidad a nivel internacional. Adem\u00e1s, contamos con una eficiente y estructurada cadena log\u00edstica que garantiza una excelente atenci\u00f3n a nuestros clientes.<\/p>\n","protected":false},"author":1,"featured_media":0,"parent":0,"menu_order":0,"comment_status":"closed","ping_status":"closed","template":"","meta":{"_et_pb_use_builder":"on","_et_pb_old_content":"","_et_gb_content_width":"","_joinchat":[],"footnotes":""},"class_list":["post-9","page","type-page","status-publish","hentry"],"_links":{"self":[{"href":"https:\/\/ovoprod.pe\/index.php\/wp-json\/wp\/v2\/pages\/9","targetHints":{"allow":["GET"]}}],"collection":[{"href":"https:\/\/ovoprod.pe\/index.php\/wp-json\/wp\/v2\/pages"}],"about":[{"href":"https:\/\/ovoprod.pe\/index.php\/wp-json\/wp\/v2\/types\/page"}],"author":[{"embeddable":true,"href":"https:\/\/ovoprod.pe\/index.php\/wp-json\/wp\/v2\/users\/1"}],"replies":[{"embeddable":true,"href":"https:\/\/ovoprod.pe\/index.php\/wp-json\/wp\/v2\/comments?post=9"}],"version-history":[{"count":10,"href":"https:\/\/ovoprod.pe\/index.php\/wp-json\/wp\/v2\/pages\/9\/revisions"}],"predecessor-version":[{"id":198,"href":"https:\/\/ovoprod.pe\/index.php\/wp-json\/wp\/v2\/pages\/9\/revisions\/198"}],"wp:attachment":[{"href":"https:\/\/ovoprod.pe\/index.php\/wp-json\/wp\/v2\/media?parent=9"}],"curies":[{"name":"wp","href":"https:\/\/api.w.org\/{rel}","templated":true}]}}